{"id":395,"date":"2020-01-09T10:16:54","date_gmt":"2020-01-09T10:16:54","guid":{"rendered":"https:\/\/www.nassikka.fi\/?page_id=395"},"modified":"2021-10-27T10:04:00","modified_gmt":"2021-10-27T10:04:00","slug":"kirpputorin-sopimusehdot","status":"publish","type":"page","link":"https:\/\/www.nassikka.fi\/en\/kirpputorin-sopimusehdot\/","title":{"rendered":"Kirpputorin sopimusehdot"},"content":{"rendered":"<div data-elementor-type=\"wp-page\" data-elementor-id=\"395\" class=\"elementor elementor-395\" data-elementor-post-type=\"page\">\n\t\t\t\t\t\t<section class=\"elementor-section elementor-top-section elementor-element elementor-element-932125e elementor-section-boxed elementor-section-height-default elementor-section-height-default\" data-id=\"932125e\" data-element_type=\"section\">\n\t\t\t\t\t\t<div class=\"elementor-container elementor-column-gap-default\">\n\t\t\t\t\t<div class=\"elementor-column elementor-col-100 elementor-top-column elementor-element elementor-element-9096ae9\" data-id=\"9096ae9\" data-element_type=\"column\">\n\t\t\t<div class=\"elementor-widget-wrap elementor-element-populated\">\n\t\t\t\t\t\t<div class=\"elementor-element elementor-element-b2a2cd6 elementor-widget elementor-widget-heading\" data-id=\"b2a2cd6\" data-element_type=\"widget\" data-widget_type=\"heading.default\">\n\t\t\t\t<div class=\"elementor-widget-container\">\n\t\t\t<h2 class=\"elementor-heading-title elementor-size-default\">Kirpputorin sopimusehdot<\/h2>\t\t<\/div>\n\t\t\t\t<\/div>\n\t\t\t\t\t<\/div>\n\t\t<\/div>\n\t\t\t\t\t<\/div>\n\t\t<\/section>\n\t\t\t\t<section class=\"elementor-section elementor-top-section elementor-element elementor-element-3b4e531 elementor-section-boxed elementor-section-height-default elementor-section-height-default\" data-id=\"3b4e531\" data-element_type=\"section\">\n\t\t\t\t\t\t<div class=\"elementor-container elementor-column-gap-default\">\n\t\t\t\t\t<div class=\"elementor-column elementor-col-100 elementor-top-column elementor-element elementor-element-01d876a\" data-id=\"01d876a\" data-element_type=\"column\">\n\t\t\t<div class=\"elementor-widget-wrap elementor-element-populated\">\n\t\t\t\t\t\t<div class=\"elementor-element elementor-element-fca8d10 elementor-widget elementor-widget-heading\" data-id=\"fca8d10\" data-element_type=\"widget\" data-widget_type=\"heading.default\">\n\t\t\t\t<div class=\"elementor-widget-container\">\n\t\t\t<h4 class=\"elementor-heading-title elementor-size-default\">P\u00e4ivitetty 27.10.2021<\/h4>\t\t<\/div>\n\t\t\t\t<\/div>\n\t\t\t\t\t<\/div>\n\t\t<\/div>\n\t\t\t\t\t<\/div>\n\t\t<\/section>\n\t\t\t\t<section class=\"elementor-section elementor-top-section elementor-element elementor-element-e015b13 elementor-section-boxed elementor-section-height-default elementor-section-height-default\" data-id=\"e015b13\" data-element_type=\"section\">\n\t\t\t\t\t\t<div class=\"elementor-container elementor-column-gap-default\">\n\t\t\t\t\t<div class=\"elementor-column elementor-col-100 elementor-top-column elementor-element elementor-element-3a00117\" data-id=\"3a00117\" data-element_type=\"column\">\n\t\t\t<div class=\"elementor-widget-wrap elementor-element-populated\">\n\t\t\t\t\t\t<div class=\"elementor-element elementor-element-44fd793 elementor-widget elementor-widget-text-editor\" data-id=\"44fd793\" data-element_type=\"widget\" data-widget_type=\"text-editor.default\">\n\t\t\t\t<div class=\"elementor-widget-container\">\n\t\t\t\t\t\t\t<p>Nassikka on lastenvaatteiden ja \u2013tarvikkeiden itsepalvelukirpputori, laajennettuna alueilla kodin ja perheen tavaroita. Meilt\u00e4 l\u00f6ytyy 59 Nassikkap\u00f6yt\u00e4\u00e4, joissa voit myyd\u00e4 kaikkea lapsiin ja nuoriin liittyv\u00e4\u00e4 tavaraa. Nassikkap\u00f6ytien lis\u00e4ksi l\u00f6ytyy 9 kpl Perhep\u00f6yti\u00e4 ja alueet yksitt\u00e4istuotteiden myynnille, joissa voit myyd\u00e4 my\u00f6s muuta kotoasi l\u00f6ytyv\u00e4\u00e4 tavaraa.<\/p>\t\t\t\t\t\t<\/div>\n\t\t\t\t<\/div>\n\t\t\t\t\t<\/div>\n\t\t<\/div>\n\t\t\t\t\t<\/div>\n\t\t<\/section>\n\t\t\t\t<section class=\"elementor-section elementor-top-section elementor-element elementor-element-0452d89 elementor-section-boxed elementor-section-height-default elementor-section-height-default\" data-id=\"0452d89\" data-element_type=\"section\">\n\t\t\t\t\t\t<div class=\"elementor-container elementor-column-gap-default\">\n\t\t\t\t\t<div class=\"elementor-column elementor-col-100 elementor-top-column elementor-element elementor-element-aed123c\" data-id=\"aed123c\" data-element_type=\"column\">\n\t\t\t<div class=\"elementor-widget-wrap elementor-element-populated\">\n\t\t\t\t\t\t<div class=\"elementor-element elementor-element-d91b50e elementor-widget elementor-widget-heading\" data-id=\"d91b50e\" data-element_type=\"widget\" data-widget_type=\"heading.default\">\n\t\t\t\t<div class=\"elementor-widget-container\">\n\t\t\t<h4 class=\"elementor-heading-title elementor-size-default\">P\u00f6yd\u00e4n varaaminen<\/h4>\t\t<\/div>\n\t\t\t\t<\/div>\n\t\t\t\t\t<\/div>\n\t\t<\/div>\n\t\t\t\t\t<\/div>\n\t\t<\/section>\n\t\t\t\t<section class=\"elementor-section elementor-top-section elementor-element elementor-element-8b84ebf elementor-section-boxed elementor-section-height-default elementor-section-height-default\" data-id=\"8b84ebf\" data-element_type=\"section\">\n\t\t\t\t\t\t<div class=\"elementor-container elementor-column-gap-default\">\n\t\t\t\t\t<div class=\"elementor-column elementor-col-100 elementor-top-column elementor-element elementor-element-683ece7\" data-id=\"683ece7\" data-element_type=\"column\">\n\t\t\t<div class=\"elementor-widget-wrap elementor-element-populated\">\n\t\t\t\t\t\t<div class=\"elementor-element elementor-element-f860a03 elementor-widget elementor-widget-text-editor\" data-id=\"f860a03\" data-element_type=\"widget\" data-widget_type=\"text-editor.default\">\n\t\t\t\t<div class=\"elementor-widget-container\">\n\t\t\t\t\t\t\t<p>Voit varata p\u00f6yd\u00e4n k\u00e4ym\u00e4ll\u00e4 kirppiksell\u00e4, soittamalla puh 050 5126727 tai varauslomakkeella (nassikka.fi)<\/p><p>P\u00f6yt\u00e4vuokran voit maksaa joko etuk\u00e4teen kirppiksell\u00e4 tai vasta myyntiajan p\u00e4\u00e4tytty\u00e4.<\/p><p>P\u00f6yd\u00e4n peruutus tulee tehd\u00e4 48 tuntia ennen vuokra-ajan alkamista. Mik\u00e4li et peruuta p\u00f6yt\u00e4varaustasi ajoissa, kirpputorilla on oikeus veloittaa yhden viikon p\u00f6yt\u00e4vuokra.<\/p>\t\t\t\t\t\t<\/div>\n\t\t\t\t<\/div>\n\t\t\t\t\t<\/div>\n\t\t<\/div>\n\t\t\t\t\t<\/div>\n\t\t<\/section>\n\t\t\t\t<section class=\"elementor-section elementor-top-section elementor-element elementor-element-f8158ed elementor-section-boxed elementor-section-height-default elementor-section-height-default\" data-id=\"f8158ed\" data-element_type=\"section\">\n\t\t\t\t\t\t<div class=\"elementor-container elementor-column-gap-default\">\n\t\t\t\t\t<div class=\"elementor-column elementor-col-100 elementor-top-column elementor-element elementor-element-95a33b2\" data-id=\"95a33b2\" data-element_type=\"column\">\n\t\t\t<div class=\"elementor-widget-wrap elementor-element-populated\">\n\t\t\t\t\t\t<div class=\"elementor-element elementor-element-5a78586 elementor-widget elementor-widget-heading\" data-id=\"5a78586\" data-element_type=\"widget\" data-widget_type=\"heading.default\">\n\t\t\t\t<div class=\"elementor-widget-container\">\n\t\t\t<h4 class=\"elementor-heading-title elementor-size-default\">Myyntiaika<\/h4>\t\t<\/div>\n\t\t\t\t<\/div>\n\t\t\t\t\t<\/div>\n\t\t<\/div>\n\t\t\t\t\t<\/div>\n\t\t<\/section>\n\t\t\t\t<section class=\"elementor-section elementor-top-section elementor-element elementor-element-a2472ed elementor-section-boxed elementor-section-height-default elementor-section-height-default\" data-id=\"a2472ed\" data-element_type=\"section\">\n\t\t\t\t\t\t<div class=\"elementor-container elementor-column-gap-default\">\n\t\t\t\t\t<div class=\"elementor-column elementor-col-100 elementor-top-column elementor-element elementor-element-a5343eb\" data-id=\"a5343eb\" data-element_type=\"column\">\n\t\t\t<div class=\"elementor-widget-wrap elementor-element-populated\">\n\t\t\t\t\t\t<div class=\"elementor-element elementor-element-07a7360 elementor-widget elementor-widget-text-editor\" data-id=\"07a7360\" data-element_type=\"widget\" data-widget_type=\"text-editor.default\">\n\t\t\t\t<div class=\"elementor-widget-container\">\n\t\t\t\t\t\t\t<p>Myyntiaika on 1 viikko sis\u00e4lt\u00e4en 6 myyntip\u00e4iv\u00e4\u00e4 (maanantaisin suljettu). My\u00f6s kahden viikon varauksia (tai pidempi\u00e4) on mahdollista sopia.<\/p><p>Myyntiaika alkaa valitsemastasi viikonp\u00e4iv\u00e4st\u00e4, meill\u00e4 ei ole tietty\u00e4 aloitus\/vaihtop\u00e4iv\u00e4\u00e4. Voit tuoda tavarasi aloitusp\u00e4iv\u00e4\u00e4 edelt\u00e4v\u00e4n\u00e4 aukiolop\u00e4iv\u00e4n\u00e4 tuntia ennen sulkemisaikaa tai heti kirppiksen avauduttua kello 11:00.<\/p><p>P\u00f6yt\u00e4 on tyhjennett\u00e4v\u00e4 viimeist\u00e4\u00e4n tuntia ennen viimeisen myyntip\u00e4iv\u00e4n p\u00e4\u00e4ttymist\u00e4.<\/p><p>Mik\u00e4li p\u00f6yt\u00e4\u00e4 ei tyhjennet\u00e4 ennen myyntiajan p\u00e4\u00e4ttymist\u00e4, perimme p\u00f6yd\u00e4n tyhjent\u00e4misest\u00e4 ja tavaroiden varastoinnista 10,00 \u20ac maksun.<\/p>\t\t\t\t\t\t<\/div>\n\t\t\t\t<\/div>\n\t\t\t\t\t<\/div>\n\t\t<\/div>\n\t\t\t\t\t<\/div>\n\t\t<\/section>\n\t\t\t\t<section class=\"elementor-section elementor-top-section elementor-element elementor-element-a0e4520 elementor-section-boxed elementor-section-height-default elementor-section-height-default\" data-id=\"a0e4520\" data-element_type=\"section\">\n\t\t\t\t\t\t<div class=\"elementor-container elementor-column-gap-default\">\n\t\t\t\t\t<div class=\"elementor-column elementor-col-100 elementor-top-column elementor-element elementor-element-de45b0f\" data-id=\"de45b0f\" data-element_type=\"column\">\n\t\t\t<div class=\"elementor-widget-wrap elementor-element-populated\">\n\t\t\t\t\t\t<div class=\"elementor-element elementor-element-ce26836 elementor-widget elementor-widget-heading\" data-id=\"ce26836\" data-element_type=\"widget\" data-widget_type=\"heading.default\">\n\t\t\t\t<div class=\"elementor-widget-container\">\n\t\t\t<h4 class=\"elementor-heading-title elementor-size-default\">P\u00f6yt\u00e4vuokraan sis\u00e4ltyy<\/h4>\t\t<\/div>\n\t\t\t\t<\/div>\n\t\t\t\t\t<\/div>\n\t\t<\/div>\n\t\t\t\t\t<\/div>\n\t\t<\/section>\n\t\t\t\t<section class=\"elementor-section elementor-top-section elementor-element elementor-element-0b3e963 elementor-section-boxed elementor-section-height-default elementor-section-height-default\" data-id=\"0b3e963\" data-element_type=\"section\">\n\t\t\t\t\t\t<div class=\"elementor-container elementor-column-gap-default\">\n\t\t\t\t\t<div class=\"elementor-column elementor-col-100 elementor-top-column elementor-element elementor-element-c979a01\" data-id=\"c979a01\" data-element_type=\"column\">\n\t\t\t<div class=\"elementor-widget-wrap elementor-element-populated\">\n\t\t\t\t\t\t<div class=\"elementor-element elementor-element-9ebad6b elementor-widget elementor-widget-text-editor\" data-id=\"9ebad6b\" data-element_type=\"widget\" data-widget_type=\"text-editor.default\">\n\t\t\t\t<div class=\"elementor-widget-container\">\n\t\t\t\t\t\t\t<ul><li>Myyntip\u00f6yt\u00e4 sis\u00e4lt\u00e4\u00e4<ul><li>Nassikkap\u00f6yt\u00e4 1-31: kolme hylly\u00e4 ja rekkitilan<\/li><li>Nassikkap\u00f6yt\u00e4 32-59: nelj\u00e4 hylly\u00e4 ja rekkitilan<\/li><li>Perhep\u00f6yt\u00e4: kolme hylly\u00e4 (isompia hyllyj\u00e4) ja rekkitilan<\/li><\/ul><\/li><li>3 arkkia hintalapputarroja (yht. 72 tarraa)<\/li><li>Henkareita<\/li><li>Nappih\u00e4lyttimi\u00e4 5 kpl<\/li><li>Tuotteet, jotka eiv\u00e4t mahdu p\u00f6yt\u00e4\u00e4n, voi myyd\u00e4 provisiohinnoittelulla yksitt\u00e4istuotteiden myynnille varatuilla alueilla.<\/li><\/ul>\t\t\t\t\t\t<\/div>\n\t\t\t\t<\/div>\n\t\t\t\t\t<\/div>\n\t\t<\/div>\n\t\t\t\t\t<\/div>\n\t\t<\/section>\n\t\t\t\t<section class=\"elementor-section elementor-top-section elementor-element elementor-element-1f43124 elementor-section-boxed elementor-section-height-default elementor-section-height-default\" data-id=\"1f43124\" data-element_type=\"section\">\n\t\t\t\t\t\t<div class=\"elementor-container elementor-column-gap-default\">\n\t\t\t\t\t<div class=\"elementor-column elementor-col-100 elementor-top-column elementor-element elementor-element-dd46fd2\" data-id=\"dd46fd2\" data-element_type=\"column\">\n\t\t\t<div class=\"elementor-widget-wrap elementor-element-populated\">\n\t\t\t\t\t\t<div class=\"elementor-element elementor-element-3356d11 elementor-widget elementor-widget-heading\" data-id=\"3356d11\" data-element_type=\"widget\" data-widget_type=\"heading.default\">\n\t\t\t\t<div class=\"elementor-widget-container\">\n\t\t\t<h4 class=\"elementor-heading-title elementor-size-default\">Myyntiajan p\u00e4\u00e4tytty\u00e4<\/h4>\t\t<\/div>\n\t\t\t\t<\/div>\n\t\t\t\t\t<\/div>\n\t\t<\/div>\n\t\t\t\t\t<\/div>\n\t\t<\/section>\n\t\t\t\t<section class=\"elementor-section elementor-top-section elementor-element elementor-element-aaf715b elementor-section-boxed elementor-section-height-default elementor-section-height-default\" data-id=\"aaf715b\" data-element_type=\"section\">\n\t\t\t\t\t\t<div class=\"elementor-container elementor-column-gap-default\">\n\t\t\t\t\t<div class=\"elementor-column elementor-col-100 elementor-top-column elementor-element elementor-element-2e42af6\" data-id=\"2e42af6\" data-element_type=\"column\">\n\t\t\t<div class=\"elementor-widget-wrap elementor-element-populated\">\n\t\t\t\t\t\t<div class=\"elementor-element elementor-element-6234cde elementor-widget elementor-widget-text-editor\" data-id=\"6234cde\" data-element_type=\"widget\" data-widget_type=\"text-editor.default\">\n\t\t\t\t<div class=\"elementor-widget-container\">\n\t\t\t\t\t\t\t<p>Myyntiaika p\u00e4\u00e4ttyy ja p\u00f6yt\u00e4 on oltava tyhjennettyn\u00e4 viimeist\u00e4\u00e4n tuntia ennen viimeisen myyntip\u00e4iv\u00e4n p\u00e4\u00e4ttymist\u00e4, arkisin klo 17 menness\u00e4 ja viikonloppuisin klo 15 menness\u00e4. Erikseen sovittaessa voimme tyhjent\u00e4\u00e4 ja s\u00e4ilytt\u00e4\u00e4 tuotteita sopimuksen mukaan. Ilman erillist\u00e4 sopimusta tuotteiden s\u00e4ilytt\u00e4misest\u00e4, tuotteet siirtyv\u00e4t kirpputorin omaisuudeksi myyntijakson p\u00e4\u00e4tytty\u00e4.<\/p><p>Kirppistuotteilla ei ole vaihto- tai palautusoikeutta. Kirpputori ei my\u00f6sk\u00e4\u00e4n vastaa kadonneista tai rikkoutuneista tavaroista. Meilt\u00e4 saa pyydett\u00e4ess\u00e4 varash\u00e4lyttimi\u00e4 tuotteisiin. Asiakas vastaa itse, ett\u00e4 kaikki omat myym\u00e4tt\u00f6m\u00e4t tuotteet on ker\u00e4tty, huomioiden my\u00f6s muihin p\u00f6ytiin mahdollisesti eksyneet tuotteet.<\/p><p>Maksamme p\u00f6yd\u00e4n myyntituoton tilisiirtona 5 arkip\u00e4iv\u00e4n kuluessa.\u00a0<\/p>\t\t\t\t\t\t<\/div>\n\t\t\t\t<\/div>\n\t\t\t\t\t<\/div>\n\t\t<\/div>\n\t\t\t\t\t<\/div>\n\t\t<\/section>\n\t\t\t\t<section class=\"elementor-section elementor-top-section elementor-element elementor-element-e9720e1 elementor-section-boxed elementor-section-height-default elementor-section-height-default\" data-id=\"e9720e1\" data-element_type=\"section\">\n\t\t\t\t\t\t<div class=\"elementor-container elementor-column-gap-default\">\n\t\t\t\t\t<div class=\"elementor-column elementor-col-100 elementor-top-column elementor-element elementor-element-d9a59d9\" data-id=\"d9a59d9\" data-element_type=\"column\">\n\t\t\t<div class=\"elementor-widget-wrap elementor-element-populated\">\n\t\t\t\t\t\t<div class=\"elementor-element elementor-element-8078256 elementor-widget elementor-widget-heading\" data-id=\"8078256\" data-element_type=\"widget\" data-widget_type=\"heading.default\">\n\t\t\t\t<div class=\"elementor-widget-container\">\n\t\t\t<h4 class=\"elementor-heading-title elementor-size-default\">Tuotteet<\/h4>\t\t<\/div>\n\t\t\t\t<\/div>\n\t\t\t\t\t<\/div>\n\t\t<\/div>\n\t\t\t\t\t<\/div>\n\t\t<\/section>\n\t\t\t\t<section class=\"elementor-section elementor-top-section elementor-element elementor-element-a4b825f elementor-section-boxed elementor-section-height-default elementor-section-height-default\" data-id=\"a4b825f\" data-element_type=\"section\">\n\t\t\t\t\t\t<div class=\"elementor-container elementor-column-gap-default\">\n\t\t\t\t\t<div class=\"elementor-column elementor-col-100 elementor-top-column elementor-element elementor-element-fc3e7db\" data-id=\"fc3e7db\" data-element_type=\"column\">\n\t\t\t<div class=\"elementor-widget-wrap elementor-element-populated\">\n\t\t\t\t\t\t<div class=\"elementor-element elementor-element-2a50e8e elementor-widget elementor-widget-text-editor\" data-id=\"2a50e8e\" data-element_type=\"widget\" data-widget_type=\"text-editor.default\">\n\t\t\t\t<div class=\"elementor-widget-container\">\n\t\t\t\t\t\t\t<p>Nassikkap\u00f6yd\u00e4ss\u00e4\u00a0voit myyd\u00e4 lastentarvikkeita ja -vaatteita sek\u00e4 \u00e4itiysvaatteita.<br \/><br \/>Perhep\u00f6yd\u00e4ss\u00e4\u00a0voit myyd\u00e4 lastentarvikkeita, mutta my\u00f6s muut perheenne tavarat ovat tervetulleita n\u00e4ihin p\u00f6ytiin, kunhan ne ovat puhtaita ja hajuttomia. Elintarvikkeet ja mahdollisesti vaaralliset tuotteet eiv\u00e4t ole sallittuja.\u00a0<\/p><p>Myy vain puhtaita, ehji\u00e4 tuotteita. Mik\u00e4li tuotteissasi on jokin huomionarvoinen asia, ilmoita siit\u00e4 selke\u00e4sti erillisell\u00e4 lapulla.<\/p><p>Tuotteet ovat myyj\u00e4n vastuulla. Emme voi korvata h\u00e4vinneit\u00e4 tai vahingoittuneita tuotteita. Meill\u00e4 on tallentava videovalvonta ja seuraamme itse k\u00e4ytt\u00e4ytymist\u00e4 liikkeess\u00e4. Lis\u00e4ksi meill\u00e4 on h\u00e4lytysj\u00e4rjestelm\u00e4 ja h\u00e4lyttimi\u00e4 saa kassalta. Tuotteita my\u00f6s kulkeutuu muihin p\u00f6ytiin. Suosittelemme, ett\u00e4 tarkastat my\u00f6s muut p\u00f6yd\u00e4t ja rekin\/isojen tuotteiden hyllyn kun tyhjenn\u00e4t omaa p\u00f6yt\u00e4\u00e4si.<\/p>\t\t\t\t\t\t<\/div>\n\t\t\t\t<\/div>\n\t\t\t\t\t<\/div>\n\t\t<\/div>\n\t\t\t\t\t<\/div>\n\t\t<\/section>\n\t\t\t\t<\/div>","protected":false},"excerpt":{"rendered":"<p>Kirpputorin sopimusehdot P\u00e4ivitetty 27.10.2021 Nassikka on lastenvaatteiden ja \u2013tarvikkeiden itsepalvelukirpputori, laajennettuna alueilla kodin ja perheen tavaroita. Meilt\u00e4 l\u00f6ytyy 59 Nassikkap\u00f6yt\u00e4\u00e4, joissa voit myyd\u00e4 kaikkea lapsiin ja nuoriin liittyv\u00e4\u00e4 tavaraa. Nassikkap\u00f6ytien lis\u00e4ksi l\u00f6ytyy 9 kpl Perhep\u00f6yti\u00e4 ja alueet yksitt\u00e4istuotteiden myynnille, joissa voit myyd\u00e4 my\u00f6s muuta kotoasi l\u00f6ytyv\u00e4\u00e4 tavaraa. P\u00f6yd\u00e4n varaaminen Voit varata p\u00f6yd\u00e4n k\u00e4ym\u00e4ll\u00e4 kirppiksell\u00e4, soittamalla [&hellip;]<\/p>","protected":false},"author":1,"featured_media":0,"parent":0,"menu_order":5,"comment_status":"closed","ping_status":"closed","template":"elementor_header_footer","meta":{"_acf_changed":false,"_monsterinsights_skip_tracking":false,"_monsterinsights_sitenote_active":false,"_monsterinsights_sitenote_note":"","_monsterinsights_sitenote_category":0,"footnotes":""},"class_list":["post-395","page","type-page","status-publish","hentry"],"acf":[],"_links":{"self":[{"href":"https:\/\/www.nassikka.fi\/en\/wp-json\/wp\/v2\/pages\/395"}],"collection":[{"href":"https:\/\/www.nassikka.fi\/en\/wp-json\/wp\/v2\/pages"}],"about":[{"href":"https:\/\/www.nassikka.fi\/en\/wp-json\/wp\/v2\/types\/page"}],"author":[{"embeddable":true,"href":"https:\/\/www.nassikka.fi\/en\/wp-json\/wp\/v2\/users\/1"}],"replies":[{"embeddable":true,"href":"https:\/\/www.nassikka.fi\/en\/wp-json\/wp\/v2\/comments?post=395"}],"version-history":[{"count":35,"href":"https:\/\/www.nassikka.fi\/en\/wp-json\/wp\/v2\/pages\/395\/revisions"}],"predecessor-version":[{"id":1486,"href":"https:\/\/www.nassikka.fi\/en\/wp-json\/wp\/v2\/pages\/395\/revisions\/1486"}],"wp:attachment":[{"href":"https:\/\/www.nassikka.fi\/en\/wp-json\/wp\/v2\/media?parent=395"}],"curies":[{"name":"wp","href":"https:\/\/api.w.org\/{rel}","templated":true}]}}